{"id":578,"date":"2025-03-19T19:05:03","date_gmt":"2025-03-19T19:05:03","guid":{"rendered":"https:\/\/latorreonline.com.uy\/?post_type=product&#038;p=578"},"modified":"2025-04-17T23:01:31","modified_gmt":"2025-04-17T23:01:31","slug":"caja-de-marcadores-giotto-finos-x12","status":"publish","type":"product","link":"https:\/\/latorreonline.com.uy\/index.php\/product\/caja-de-marcadores-giotto-finos-x12\/","title":{"rendered":"MARCADORES GIOTTO TURBO FINOS X12"},"content":{"rendered":"<p>Marcadores Giotto Turbo de punta fina x 12 unidades.<br \/>\nDimensiones: 14,5cm largo x 1cm ancho.<\/p>\n<p>Grosor del trazo: 2,8 mm.<\/p>\n<p>Punta de fibra que no se hunde. S\u00faper resistente<br \/>\nCapuch\u00f3n ventilado y tap\u00f3n de seguridad.<br \/>\nTintas base de agua s\u00faper lavables.<br \/>\nEspecialmente apto para ni\u00f1os en sus primeras etapas escolares para desarrollando sus capacidades motrices e intelectuales. No recomendado para ni\u00f1os menores de 3 a\u00f1os.<\/p>\n","protected":false},"excerpt":{"rendered":"<p>Marcadores Giotto Turbo de punta fina x 12 unidades. Dimensiones: 14,5cm largo x 1cm ancho. Grosor del trazo: 2,8 mm. Punta de fibra que no se hunde. S\u00faper resistente Capuch\u00f3n ventilado y tap\u00f3n de seguridad. Tintas base de agua s\u00faper lavables. Especialmente apto para ni\u00f1os en sus primeras etapas escolares para desarrollando sus capacidades motrices [&hellip;]<\/p>\n","protected":false},"featured_media":579,"comment_status":"open","ping_status":"closed","template":"","meta":[],"product_brand":[],"product_cat":[58,60,38],"product_tag":[],"class_list":{"0":"post-578","1":"product","2":"type-product","3":"status-publish","4":"has-post-thumbnail","6":"product_cat-escritura-y-correccion","7":"product_cat-marcadores","8":"product_cat-papeleria","10":"first","11":"instock","12":"shipping-taxable","13":"purchasable","14":"product-type-simple"},"_links":{"self":[{"href":"https:\/\/latorreonline.com.uy\/index.php\/wp-json\/wp\/v2\/product\/578","targetHints":{"allow":["GET"]}}],"collection":[{"href":"https:\/\/latorreonline.com.uy\/index.php\/wp-json\/wp\/v2\/product"}],"about":[{"href":"https:\/\/latorreonline.com.uy\/index.php\/wp-json\/wp\/v2\/types\/product"}],"replies":[{"embeddable":true,"href":"https:\/\/latorreonline.com.uy\/index.php\/wp-json\/wp\/v2\/comments?post=578"}],"wp:featuredmedia":[{"embeddable":true,"href":"https:\/\/latorreonline.com.uy\/index.php\/wp-json\/wp\/v2\/media\/579"}],"wp:attachment":[{"href":"https:\/\/latorreonline.com.uy\/index.php\/wp-json\/wp\/v2\/media?parent=578"}],"wp:term":[{"taxonomy":"product_brand","embeddable":true,"href":"https:\/\/latorreonline.com.uy\/index.php\/wp-json\/wp\/v2\/product_brand?post=578"},{"taxonomy":"product_cat","embeddable":true,"href":"https:\/\/latorreonline.com.uy\/index.php\/wp-json\/wp\/v2\/product_cat?post=578"},{"taxonomy":"product_tag","embeddable":true,"href":"https:\/\/latorreonline.com.uy\/index.php\/wp-json\/wp\/v2\/product_tag?post=578"}],"curies":[{"name":"wp","href":"https:\/\/api.w.org\/{rel}","templated":true}]}}