{"id":1228,"date":"2025-04-17T22:44:42","date_gmt":"2025-04-17T22:44:42","guid":{"rendered":"https:\/\/latorreonline.com.uy\/?post_type=product&#038;p=1228"},"modified":"2025-04-20T02:01:04","modified_gmt":"2025-04-20T02:01:04","slug":"marcadores-giotto-turbo-finos-x-24","status":"publish","type":"product","link":"https:\/\/latorreonline.com.uy\/index.php\/product\/marcadores-giotto-turbo-finos-x-24\/","title":{"rendered":"MARCADORES GIOTTO TURBO FINOS X 24"},"content":{"rendered":"<p>Marcadores Giotto Turbo de punta fina x 24 unidades.<br \/>\nDimensiones: 14,5cm largo x 1cm ancho.<\/p>\n<p>Grosor del trazo: 2,8 mm.<\/p>\n<p>Punta de fibra que no se hunde. S\u00faper resistente<br \/>\nCapuch\u00f3n ventilado y tap\u00f3n de seguridad.<br \/>\nTintas base de agua s\u00faper lavables.<br \/>\nEspecialmente apto para ni\u00f1os en sus primeras etapas escolares para desarrollando sus capacidades motrices e intelectuales. No recomendado para ni\u00f1os menores de 3 a\u00f1os<\/p>\n","protected":false},"excerpt":{"rendered":"<p>Marcadores Giotto Turbo de punta fina x 24 unidades.<\/p>\n","protected":false},"featured_media":1229,"comment_status":"open","ping_status":"closed","template":"","meta":[],"product_brand":[],"product_cat":[88,82,58,84,60,38],"product_tag":[],"class_list":{"0":"post-1228","1":"product","2":"type-product","3":"status-publish","4":"has-post-thumbnail","6":"product_cat-arte-y-manualidades","7":"product_cat-escolares","8":"product_cat-escritura-y-correccion","9":"product_cat-escritura-y-pintura","10":"product_cat-marcadores","11":"product_cat-papeleria","13":"first","14":"instock","15":"shipping-taxable","16":"purchasable","17":"product-type-simple"},"_links":{"self":[{"href":"https:\/\/latorreonline.com.uy\/index.php\/wp-json\/wp\/v2\/product\/1228","targetHints":{"allow":["GET"]}}],"collection":[{"href":"https:\/\/latorreonline.com.uy\/index.php\/wp-json\/wp\/v2\/product"}],"about":[{"href":"https:\/\/latorreonline.com.uy\/index.php\/wp-json\/wp\/v2\/types\/product"}],"replies":[{"embeddable":true,"href":"https:\/\/latorreonline.com.uy\/index.php\/wp-json\/wp\/v2\/comments?post=1228"}],"wp:featuredmedia":[{"embeddable":true,"href":"https:\/\/latorreonline.com.uy\/index.php\/wp-json\/wp\/v2\/media\/1229"}],"wp:attachment":[{"href":"https:\/\/latorreonline.com.uy\/index.php\/wp-json\/wp\/v2\/media?parent=1228"}],"wp:term":[{"taxonomy":"product_brand","embeddable":true,"href":"https:\/\/latorreonline.com.uy\/index.php\/wp-json\/wp\/v2\/product_brand?post=1228"},{"taxonomy":"product_cat","embeddable":true,"href":"https:\/\/latorreonline.com.uy\/index.php\/wp-json\/wp\/v2\/product_cat?post=1228"},{"taxonomy":"product_tag","embeddable":true,"href":"https:\/\/latorreonline.com.uy\/index.php\/wp-json\/wp\/v2\/product_tag?post=1228"}],"curies":[{"name":"wp","href":"https:\/\/api.w.org\/{rel}","templated":true}]}}